
{"id":237,"date":"2025-03-05T17:02:27","date_gmt":"2025-03-05T22:02:27","guid":{"rendered":"https:\/\/logissystem.com\/fidelizacion\/?post_type=product&#038;p=237"},"modified":"2025-03-10T15:01:42","modified_gmt":"2025-03-10T20:01:42","slug":"algho-ultra","status":"publish","type":"product","link":"https:\/\/logissystem.com\/fidelizacion\/producto\/algho-ultra\/","title":{"rendered":"Algho Ultra"},"content":{"rendered":"<p><strong>Algho<\/strong>\u00a0Ultra tiene una formulaci\u00f3n que combina acetaminof\u00e9n y cafe\u00edna, proporcionando\u00a0<strong>alivio<\/strong>\u00a0r\u00e1pido y efectivo para los s\u00edntomas del\u00a0<strong>dolor<\/strong>, gracias a su tecnolog\u00eda de microgr\u00e1nulos que garantiza una r\u00e1pida absorci\u00f3n.<\/p>\n","protected":false},"excerpt":{"rendered":"<p>Algho\u00a0Ultra tiene una formulaci\u00f3n que combina acetaminof\u00e9n y cafe\u00edna, proporcionando\u00a0alivio\u00a0r\u00e1pido y efectivo para los s\u00edntomas del\u00a0dolor, gracias a su tecnolog\u00eda [&hellip;]<\/p>\n","protected":false},"featured_media":238,"comment_status":"open","ping_status":"closed","template":"","meta":{"_uag_custom_page_level_css":"","site-sidebar-layout":"default","site-content-layout":"","ast-site-content-layout":"default","site-content-style":"default","site-sidebar-style":"default","ast-global-header-display":"","ast-banner-title-visibility":"","ast-main-header-display":"","ast-hfb-above-header-display":"","ast-hfb-below-header-display":"","ast-hfb-mobile-header-display":"","site-post-title":"","ast-breadcrumbs-content":"","ast-featured-img":"","footer-sml-layout":"","theme-transparent-header-meta":"default","adv-header-id-meta":"","stick-header-meta":"","header-above-stick-meta":"","header-main-stick-meta":"","header-below-stick-meta":"","astra-migrate-meta-layouts":"set","ast-page-background-enabled":"default","ast-page-background-meta":{"desktop":{"background-color":"var(--ast-global-color-5)","background-image":"","background-repeat":"repeat","background-position":"center center","background-size":"auto","background-attachment":"scroll","background-type":"","background-media":"","overlay-type":"","overlay-color":"","overlay-opacity":"","overlay-gradient":""},"tablet":{"background-color":"","background-image":"","background-repeat":"repeat","background-position":"center center","background-size":"auto","background-attachment":"scroll","background-type":"","background-media":"","overlay-type":"","overlay-color":"","overlay-opacity":"","overlay-gradient":""},"mobile":{"background-color":"","background-image":"","background-repeat":"repeat","background-position":"center center","background-size":"auto","background-attachment":"scroll","background-type":"","background-media":"","overlay-type":"","overlay-color":"","overlay-opacity":"","overlay-gradient":""}},"ast-content-background-meta":{"desktop":{"background-color":"var(--ast-global-color-4)","background-image":"","background-repeat":"repeat","background-position":"center center","background-size":"auto","background-attachment":"scroll","background-type":"","background-media":"","overlay-type":"","overlay-color":"","overlay-opacity":"","overlay-gradient":""},"tablet":{"background-color":"var(--ast-global-color-4)","background-image":"","background-repeat":"repeat","background-position":"center center","background-size":"auto","background-attachment":"scroll","background-type":"","background-media":"","overlay-type":"","overlay-color":"","overlay-opacity":"","overlay-gradient":""},"mobile":{"background-color":"var(--ast-global-color-4)","background-image":"","background-repeat":"repeat","background-position":"center center","background-size":"auto","background-attachment":"scroll","background-type":"","background-media":"","overlay-type":"","overlay-color":"","overlay-opacity":"","overlay-gradient":""}}},"product_brand":[],"product_cat":[15],"product_tag":[],"class_list":{"0":"post-237","1":"product","2":"type-product","3":"status-publish","4":"has-post-thumbnail","6":"product_cat-sin-categorizar","7":"desktop-align-left","8":"tablet-align-left","9":"mobile-align-left","11":"first","12":"instock","13":"shipping-taxable","14":"purchasable","15":"product-type-simple"},"uagb_featured_image_src":{"full":["https:\/\/logissystem.com\/fidelizacion\/wp-content\/uploads\/2025\/03\/Picture16.jpg",374,374,false],"thumbnail":["https:\/\/logissystem.com\/fidelizacion\/wp-content\/uploads\/2025\/03\/Picture16-150x150.jpg",150,150,true],"medium":["https:\/\/logissystem.com\/fidelizacion\/wp-content\/uploads\/2025\/03\/Picture16-300x300.jpg",300,300,true],"medium_large":["https:\/\/logissystem.com\/fidelizacion\/wp-content\/uploads\/2025\/03\/Picture16.jpg",374,374,false],"large":["https:\/\/logissystem.com\/fidelizacion\/wp-content\/uploads\/2025\/03\/Picture16.jpg",374,374,false],"1536x1536":["https:\/\/logissystem.com\/fidelizacion\/wp-content\/uploads\/2025\/03\/Picture16.jpg",374,374,false],"2048x2048":["https:\/\/logissystem.com\/fidelizacion\/wp-content\/uploads\/2025\/03\/Picture16.jpg",374,374,false],"woocommerce_thumbnail":["https:\/\/logissystem.com\/fidelizacion\/wp-content\/uploads\/2025\/03\/Picture16-300x300.jpg",300,300,true],"woocommerce_single":["https:\/\/logissystem.com\/fidelizacion\/wp-content\/uploads\/2025\/03\/Picture16.jpg",374,374,false],"woocommerce_gallery_thumbnail":["https:\/\/logissystem.com\/fidelizacion\/wp-content\/uploads\/2025\/03\/Picture16-100x100.jpg",100,100,true],"dgwt-wcas-product-suggestion":["https:\/\/logissystem.com\/fidelizacion\/wp-content\/uploads\/2025\/03\/Picture16-64x64.jpg",64,64,true]},"uagb_author_info":{"display_name":"Superadministrador","author_link":"https:\/\/logissystem.com\/fidelizacion\/author\/"},"uagb_comment_info":0,"uagb_excerpt":"Algho\u00a0Ultra tiene una formulaci\u00f3n que combina acetaminof\u00e9n y cafe\u00edna, proporcionando\u00a0alivio\u00a0r\u00e1pido y efectivo para los s\u00edntomas del\u00a0dolor, gracias a su tecnolog\u00eda [&hellip;]","_links":{"self":[{"href":"https:\/\/logissystem.com\/fidelizacion\/wp-json\/wp\/v2\/product\/237","targetHints":{"allow":["GET"]}}],"collection":[{"href":"https:\/\/logissystem.com\/fidelizacion\/wp-json\/wp\/v2\/product"}],"about":[{"href":"https:\/\/logissystem.com\/fidelizacion\/wp-json\/wp\/v2\/types\/product"}],"replies":[{"embeddable":true,"href":"https:\/\/logissystem.com\/fidelizacion\/wp-json\/wp\/v2\/comments?post=237"}],"wp:featuredmedia":[{"embeddable":true,"href":"https:\/\/logissystem.com\/fidelizacion\/wp-json\/wp\/v2\/media\/238"}],"wp:attachment":[{"href":"https:\/\/logissystem.com\/fidelizacion\/wp-json\/wp\/v2\/media?parent=237"}],"wp:term":[{"taxonomy":"product_brand","embeddable":true,"href":"https:\/\/logissystem.com\/fidelizacion\/wp-json\/wp\/v2\/product_brand?post=237"},{"taxonomy":"product_cat","embeddable":true,"href":"https:\/\/logissystem.com\/fidelizacion\/wp-json\/wp\/v2\/product_cat?post=237"},{"taxonomy":"product_tag","embeddable":true,"href":"https:\/\/logissystem.com\/fidelizacion\/wp-json\/wp\/v2\/product_tag?post=237"}],"curies":[{"name":"wp","href":"https:\/\/api.w.org\/{rel}","templated":true}]}}